{"id":6071,"date":"2021-03-11T07:10:18","date_gmt":"2021-03-11T07:10:18","guid":{"rendered":"https:\/\/qu-solutions.ch\/contact\/"},"modified":"2026-03-18T16:15:12","modified_gmt":"2026-03-18T15:15:12","slug":"contact","status":"publish","type":"page","link":"https:\/\/qu-solutions.ch\/en\/contact\/","title":{"rendered":"Contact"},"content":{"rendered":"<div class=\"wpb-content-wrapper\"><p>[vc_row][vc_column]\n\t\t\t\t<p class=\"rs-p-wp-fix\"><\/p>\n\t\t\t\t<sr7-module data-alias=\"projekte-1\" data-id=\"10\" id=\"SR7_10_1\" data-version=\"7.0.8\">\n\t\t\t\t\t<sr7-adjuster><\/sr7-adjuster>\n\t\t\t\t\t<sr7-content>\n\t\t\t\t\t\t<sr7-slide id=\"SR7_10_1-13\" data-key=\"13\">\n\t\t\t\t\t\t<\/sr7-slide>\n\t\t\t\t\t\t<sr7-slide id=\"SR7_10_1-30\" data-key=\"30\">\n\t\t\t\t\t\t<\/sr7-slide>\n\t\t\t\t\t<\/sr7-content>\n\t\t\t\t\t<image_lists style=\"display:none\">\n\t\t\t\t\t\t<img data-src=\"\/\/qu-solutions.ch\/wp-content\/uploads\/revslider\/o\/10\/53f2044e17ba0afa087dc8eefff81c1a.webp\" data-libid=\"6537\" data-lib=\"medialibrary\" alt=\"Kaffee | Qu solutions\" title=\"Kaffee\" width=\"0\" height=\"0\" data-dbsrc=\"Ly9xdS1zb2x1dGlvbnMuY2gvd3AtY29udGVudC91cGxvYWRzLzIwMjEvMDQvWjU3QTgxNThWMi5qcGc=\"\/>\n\t\t\t\t\t\t<img data-src=\"\/\/qu-solutions.ch\/wp-content\/uploads\/revslider\/o\/10\/6e6453b51a0076a35fc10cde37b4b85a.webp\" data-libid=\"6531\" data-lib=\"medialibrary\" title=\"032020_Qu-54\" width=\"0\" height=\"0\" data-dbsrc=\"Ly9xdS1zb2x1dGlvbnMuY2gvd3AtY29udGVudC91cGxvYWRzLzIwMjEvMDQvMDMyMDIwX1F1LTU0LXNjYWxlZC5qcGc=\"\/>\n\t\t\t\t\t\t<img data-src=\"\/\/qu-solutions.ch\/wp-content\/uploads\/revslider\/o\/10\/ae04d0ea4ae380ae571232b4458ea33d.webp\" data-libid=\"8061\" data-lib=\"medialibrary\" title=\"Qu Solutions | Kontakt\" width=\"0\" height=\"0\" data-dbsrc=\"Ly9xdS1zb2x1dGlvbnMuY2gvd3AtY29udGVudC91cGxvYWRzLzIwMjQvMDgvMDQtcGhvdG8tZ2FsbGVyeS0xLXNjYWxlZC5qcGc=\"\/>\n\t\t\t\t\t\t<img data-src=\"\/\/qu-solutions.ch\/wp-content\/uploads\/revslider\/o\/10\/768d4e9bc07d31ba2d0600d240e55e6a.webp\" data-libid=\"5369\" data-lib=\"medialibrary\" alt=\"Qu Team\" title=\"Qu Team\" width=\"0\" height=\"0\" data-dbsrc=\"Ly9xdS1zb2x1dGlvbnMuY2gvd3AtY29udGVudC91cGxvYWRzLzIwMjEvMDEvWjU3QTgxNjYuanBn\"\/>\n\t\t\t\t\t<\/image_lists>\n\t\t\t\t<\/sr7-module>\n\t\t\t\t<script>\n\t\t\t\t\twindow.SR7??={}; SR7.PMH ??={}; SR7.PMH[\"SR7_10_1\"] = {cn:100,state:false,fn: function() { if (window._tpt!==undefined && window._tpt.prepareModuleHeight !== undefined) {  _tpt.prepareModuleHeight({id:\"SR7_10_1\",el:[900,900,768,960,720],type:'standard',gh:[900,900,768,960,720],gw:[1240,1240,1024,778,480],vpt:['-200px&#039;,&#039;-200px&#039;,&#039;-200px&#039;,&#039;-200px&#039;,&#039;-200px'],size:{fullWidth:true, fullHeight:true},fho:'',mh:'0',onh:0,onw:0,bg:{color:'{\"orig\":\"transparent\",\"type\":\"solid\",\"string\":\"transparent\"}'},plType:'15',plColor:'#e0e0e0'});   SR7.PMH[\"SR7_10_1\"].state=true;} else if(SR7.PMH[\"SR7_10_1\"].cn-->0)\tsetTimeout( SR7.PMH[\"SR7_10_1\"].fn,19);}};SR7.PMH[\"SR7_10_1\" ].fn();\n\t\t\t\t<\/script>\n[\/vc_column][\/vc_row][vc_row css_animation=&#8221;fadeIn&#8221;][vc_column][vc_empty_space height=&#8221;20px&#8221;][vc_column_text]<\/p>\n<h1>Contact<\/h1>\n<p>[\/vc_column_text][\/vc_column][\/vc_row][vc_row gap=&#8221;2&#8243; css_animation=&#8221;fadeIn&#8221;][vc_column css_animation=&#8221;fadeIn&#8221; width=&#8221;1\/4&#8243;][vc_icon icon_linea=&#8221;icon-basic-home&#8221; size=&#8221;lg&#8221; align=&#8221;center&#8221;][vc_column_text css_animation=&#8221;none&#8221; css=&#8221;&#8221; el_class=&#8221;link-styles link-plain&#8221;]<\/p>\n<p style=\"text-align: center; line-height: 1.33333333;\"><span style=\"font-size: 18pt;\">Office Bern<\/span><\/p>\n<p>&nbsp;<\/p>\n<p style=\"text-align: center; line-height: 1.33333333;\"><span style=\"font-size: 18pt;\">Qu AG<strong><br \/>\n<\/strong><a href=\"https:\/\/www.google.com\/maps\/place\/Alpenstrasse+10,+3432+L%C3%BCtzelfl%C3%BCh\/@47.0056048,7.6829657,18.6z\/data=!4m5!3m4!1s0x478fcd3ac16b0a9f:0xa045d5627f886ae7!8m2!3d47.0064135!4d7.6834615\">Alpenstrasse 10<\/a><\/span><br \/>\n<span style=\"font-size: 18pt;\">3432 L\u00fctzelfl\u00fch<\/span><br \/>\n<span style=\"font-size: 18pt;\">Schweiz<\/span><\/p>\n<p>[\/vc_column_text][\/vc_column][vc_column css_animation=&#8221;fadeIn&#8221; width=&#8221;1\/4&#8243;][vc_icon icon_linea=&#8221;icon-basic-home&#8221; size=&#8221;lg&#8221; align=&#8221;center&#8221; css=&#8221;&#8221;][vc_column_text css=&#8221;&#8221; el_class=&#8221;link-styles link-plain&#8221;]<\/p>\n<p style=\"text-align: center; line-height: 1.33333333;\"><span style=\"font-size: 18pt;\">Office Gstaad<\/span><\/p>\n<p>&nbsp;<\/p>\n<p style=\"text-align: center; line-height: 1.33333333;\"><span style=\"font-size: 18pt;\">Qu AG<br \/>\nWaldmattenstrasse 5<br \/>\n3778 Sch\u00f6nried<br \/>\nSchweiz<\/span><\/p>\n<p>[\/vc_column_text][\/vc_column][vc_column width=&#8221;1\/4&#8243;][vc_icon icon_linea=&#8221;icon-basic-postcard&#8221; size=&#8221;lg&#8221; align=&#8221;center&#8221;][vc_column_text css=&#8221;&#8221;]<\/p>\n<p style=\"text-align: center;\"><a style=\"display: block; text-align: center;\" href=\"https:\/\/qu-solutions.ch\/Qusolutions.vcf\"><br \/>\n<img decoding=\"async\" class=\"aligncenter\" src=\"http:\/\/api.qrserver.com\/v1\/create-qr-code\/?color=000000&amp;bgcolor=ffffff&amp;data=BEGIN%3AVCARD%0AVERSION%3A2.1%0ATEL%3BHOME%3BVOICE%3A%2B41+31+511+05+67%0AEMAIL%3BWORK%3BINTERNET%3Amail%40qu-solutions.ch%0AURL%3Awww.qu-solutions.ch%0AADR%3A%3B%3BAlpenstrasse+10%3BLuetzelflueh%3B%3B3432%3BSchweiz%0AORG%3AQu+AG%0AEND%3AVCARD%0A&amp;qzone=1&amp;margin=0&amp;size=150x150&amp;ecc=L\" alt=\"qr code\"><\/a><\/p>\n<p style=\"text-align: center;\"><span style=\"font-size: 18pt;\"><a class=\"\" href=\"mailto:mail@qu-solutions.ch\">mail@qu-solutions.ch<\/a><\/span><br \/>\n<span style=\"font-size: 18pt;\">+41 31 511 05 67<\/span><\/p>\n<p>[\/vc_column_text][\/vc_column][vc_column width=&#8221;1\/4&#8243;][vc_icon icon_linea=&#8221;icon-basic-exclamation&#8221; align=&#8221;center&#8221; css=&#8221;&#8221;][vc_column_text css=&#8221;&#8221;]<\/p>\n<p style=\"text-align: center;\"><span style=\"font-size: 18pt;\">Member of<\/span><\/p>\n<p>[\/vc_column_text][lab_clients columns_count=&#8221;2&#8243; column_spacing=&#8221;yes&#8221; image_borders=&#8221;no&#8221; hover_bg=&#8221;#FFFFFF&#8221; hover_txt=&#8221;#000000&#8243;][lab_clients_entry image=&#8221;8275&#8243; title=&#8221;Qu&#8221; description=&#8221;Member of Cedia&#8221; link=&#8221;url:https%3A%2F%2Fcedia.org%2Fsmart-home-professionals%2F|title:Cedia.org|target:_blank|&#8221;][lab_clients_entry image=&#8221;8280&#8243; title=&#8221;Qu&#8221; description=&#8221;Member of MultimediaTec Swiss&#8221; link=&#8221;url:https%3A%2F%2Fwww.mmts.ch%2Fde%2F|title:mmts.ch|target:_blank|&#8221;][\/lab_clients][\/vc_column][\/vc_row][vc_row css_animation=&#8221;fadeIn&#8221;][vc_column][vc_empty_space height=&#8221;20px&#8221;][\/vc_column][\/vc_row][vc_row gap=&#8221;2&#8243; css_animation=&#8221;fadeIn&#8221;][vc_column width=&#8221;1\/3&#8243;][vc_hoverbox image=&#8221;8034&#8243; primary_title=&#8221;&#8221; hover_title=&#8221;Dominic Schilt&#8221; shape=&#8221;square&#8221;]Qu | Founder<br \/>\nds@qu-solutions.ch<br \/>\n+41 31 511 05 67[\/vc_hoverbox][\/vc_column][vc_column width=&#8221;1\/3&#8243;][vc_hoverbox image=&#8221;8037&#8243; primary_title=&#8221;&#8221; hover_title=&#8221;Fee Celine Gm\u00fcr&#8221; shape=&#8221;square&#8221;]<\/p>\n<div class=\"page\" title=\"Page 2\">\n<div class=\"layoutArea\">\n<div class=\"column\">\n<p>Project Manager | HR &amp; Finance<br \/>\nfg@qu-solutions.ch<br \/>\n+41 31 511 05 67<\/p>\n<\/div>\n<\/div>\n<\/div>\n<p>[\/vc_hoverbox][\/vc_column][vc_column width=&#8221;1\/3&#8243;][vc_hoverbox image=&#8221;8040&#8243; primary_title=&#8221;&#8221; hover_title=&#8221;Lukas Tschannen&#8221; shape=&#8221;square&#8221;]Project Manager Research | Development<br \/>\nlt@qu-solutions.ch<br \/>\n+41 31 511 05 67[\/vc_hoverbox][\/vc_column][\/vc_row][vc_row gap=&#8221;2&#8243; css_animation=&#8221;fadeIn&#8221;][vc_column][vc_empty_space height=&#8221;25px&#8221;][\/vc_column][\/vc_row][vc_row gap=&#8221;2&#8243; css_animation=&#8221;fadeIn&#8221;][vc_column width=&#8221;1\/3&#8243;][vc_hoverbox image=&#8221;8074&#8243; primary_title=&#8221;&#8221; hover_title=&#8221;Joel Pulfer&#8221; shape=&#8221;square&#8221;]ICT-Technician<br \/>\njp@qu-solutions.ch<br \/>\n+41 31 511 05 67[\/vc_hoverbox][\/vc_column][vc_column width=&#8221;1\/3&#8243;][vc_hoverbox image=&#8221;8646&#8243; primary_title=&#8221;&#8221; hover_title=&#8221;Sarah Lanz&#8221; shape=&#8221;square&#8221;]Backoffice &amp; Marketing<br \/>\nsl@qu-solutions.ch<br \/>\n+41 31 511 05 67[\/vc_hoverbox][\/vc_column][vc_column width=&#8221;1\/3&#8243;][vc_hoverbox image=&#8221;8751&#8243; primary_title=&#8221;&#8221; hover_title=&#8221;Eljakim Perreten&#8221; shape=&#8221;square&#8221;]ICT-Technician<br \/>\nep@qu-solutions.ch<br \/>\n+41 31 511 05 67[\/vc_hoverbox][\/vc_column][\/vc_row][vc_row gap=&#8221;2&#8243; css_animation=&#8221;fadeIn&#8221;][vc_column][vc_empty_space height=&#8221;25px&#8221;][\/vc_column][\/vc_row][vc_row gap=&#8221;2&#8243; css_animation=&#8221;fadeIn&#8221;][vc_column width=&#8221;1\/3&#8243;][vc_hoverbox image=&#8221;8741&#8243; primary_title=&#8221;&#8221; hover_title=&#8221;Henri B\u00f6rner&#8221; shape=&#8221;square&#8221;]ICT-Technician<br \/>\nhb@qu-solutions.ch<br \/>\n+41 31 511 05 67[\/vc_hoverbox][\/vc_column][vc_column width=&#8221;1\/3&#8243;][vc_hoverbox image=&#8221;7473&#8243; primary_title=&#8221;&#8221; hover_title=&#8221;Fabian Imfeld&#8221; shape=&#8221;square&#8221;]Freelancer Research | Development<br \/>\nfi@qu-solutions.ch<br \/>\n+41 31 511 05 67[\/vc_hoverbox][\/vc_column][vc_column width=&#8221;1\/3&#8243;][vc_hoverbox image=&#8221;7494&#8243; primary_title=&#8221;&#8221; hover_title=&#8221;Michael Rubi&#8221; shape=&#8221;square&#8221;]Freelance Project Manager | Sound Engineer<br \/>\nmr@qu-solutions.ch<br \/>\n+41 31 511 05 67[\/vc_hoverbox][\/vc_column][\/vc_row]<\/p>\n<\/div>","protected":false},"excerpt":{"rendered":"<p>[vc_row][vc_column][\/vc_column][\/vc_row][vc_row css_animation=&#8221;fadeIn&#8221;][vc_column][vc_empty_space height=&#8221;20px&#8221;][vc_column_text] Contact [\/vc_column_text][\/vc_column][\/vc_row][vc_row gap=&#8221;2&#8243; css_animation=&#8221;fadeIn&#8221;][vc_column css_animation=&#8221;fadeIn&#8221; width=&#8221;1\/4&#8243;][vc_icon icon_linea=&#8221;icon-basic-home&#8221; size=&#8221;lg&#8221; align=&#8221;center&#8221;][vc_column_text css_animation=&#8221;none&#8221; css=&#8221;&#8221; el_class=&#8221;link-styles link-plain&#8221;] Office Bern &nbsp; Qu AG Alpenstrasse 10 3432 L\u00fctzelfl\u00fch Schweiz [\/vc_column_text][\/vc_column][vc_column css_animation=&#8221;fadeIn&#8221; width=&#8221;1\/4&#8243;][vc_icon icon_linea=&#8221;icon-basic-home&#8221; size=&#8221;lg&#8221; align=&#8221;center&#8221; css=&#8221;&#8221;][vc_column_text css=&#8221;&#8221; el_class=&#8221;link-styles link-plain&#8221;] Office Gstaad &nbsp; Qu AG Waldmattenstrasse 5 3778 Sch\u00f6nried Schweiz [\/vc_column_text][\/vc_column][vc_column width=&#8221;1\/4&#8243;][vc_icon icon_linea=&#8221;icon-basic-postcard&#8221; size=&#8221;lg&#8221; align=&#8221;center&#8221;][vc_column_text css=&#8221;&#8221;] mail@qu-solutions.ch +41 31&hellip;<\/p>\n","protected":false},"author":2,"featured_media":0,"parent":0,"menu_order":0,"comment_status":"closed","ping_status":"closed","template":"","meta":{"_acf_changed":false,"rs_blank_template":"","rs_page_bg_color":"","slide_template_v7":"","inline_featured_image":false,"_monsterinsights_skip_tracking":false,"_monsterinsights_sitenote_active":false,"_monsterinsights_sitenote_note":"","_monsterinsights_sitenote_category":0,"footnotes":""},"class_list":["post-6071","page","type-page","status-publish","hentry"],"acf":[],"yoast_head":"<!-- This site is optimized with the Yoast SEO plugin v27.4 - https:\/\/yoast.com\/product\/yoast-seo-wordpress\/ -->\n<title>Contact - Qu solutions<\/title>\n<meta name=\"description\" content=\"Qu solutions entwickelt, konstruiert und f\u00fchrt seit mehr als 10 Jahren audiovisuelle Projekte f\u00fcr den professionellen Bereich in Hotels und in Privath\u00e4usern durch. Zu unseren Kunden z\u00e4hlen Kongresszentren, Gesch\u00e4ftskunden, Hotels und MICE.\" \/>\n<meta name=\"robots\" content=\"index, follow, max-snippet:-1, max-image-preview:large, max-video-preview:-1\" \/>\n<link rel=\"canonical\" href=\"https:\/\/qu-solutions.ch\/en\/contact\/\" \/>\n<meta property=\"og:locale\" content=\"en_US\" \/>\n<meta property=\"og:type\" content=\"article\" \/>\n<meta property=\"og:title\" content=\"Contact - Qu solutions\" \/>\n<meta property=\"og:description\" content=\"Qu solutions entwickelt, konstruiert und f\u00fchrt seit mehr als 10 Jahren audiovisuelle Projekte f\u00fcr den professionellen Bereich in Hotels und in Privath\u00e4usern durch. Zu unseren Kunden z\u00e4hlen Kongresszentren, Gesch\u00e4ftskunden, Hotels und MICE.\" \/>\n<meta property=\"og:url\" content=\"https:\/\/qu-solutions.ch\/en\/contact\/\" \/>\n<meta property=\"og:site_name\" content=\"Qu solutions\" \/>\n<meta property=\"article:modified_time\" content=\"2026-03-18T15:15:12+00:00\" \/>\n<meta property=\"og:image\" content=\"http:\/\/api.qrserver.com\/v1\/create-qr-code\/?color=000000&amp;bgcolor=ffffff&amp;data=BEGIN%3AVCARDVERSION%3A2.1TEL%3BHOME%3BVOICE%3A%2B41+31+511+05+67EMAIL%3BWORK%3BINTERNET%3Amail%40qu-solutions.chURL%3Awww.qu-solutions.chADR%3A%3B%3BAlpenstrasse+10%3BLuetzelflueh%3B%3B3432%3BSchweizORG%3AQu+AGEND%3AVCARD&amp;qzone=1&amp;margin=0&amp;size=150x150&amp;ecc=L\" \/>\n<meta name=\"twitter:card\" content=\"summary_large_image\" \/>\n<meta name=\"twitter:label1\" content=\"Est. reading time\" \/>\n\t<meta name=\"twitter:data1\" content=\"4 minutes\" \/>\n<script type=\"application\/ld+json\" class=\"yoast-schema-graph\">{\"@context\":\"https:\\\/\\\/schema.org\",\"@graph\":[{\"@type\":\"WebPage\",\"@id\":\"https:\\\/\\\/qu-solutions.ch\\\/en\\\/contact\\\/\",\"url\":\"https:\\\/\\\/qu-solutions.ch\\\/en\\\/contact\\\/\",\"name\":\"Contact - Qu solutions\",\"isPartOf\":{\"@id\":\"https:\\\/\\\/qu-solutions.ch\\\/en\\\/#website\"},\"primaryImageOfPage\":{\"@id\":\"https:\\\/\\\/qu-solutions.ch\\\/en\\\/contact\\\/#primaryimage\"},\"image\":{\"@id\":\"https:\\\/\\\/qu-solutions.ch\\\/en\\\/contact\\\/#primaryimage\"},\"thumbnailUrl\":\"http:\\\/\\\/api.qrserver.com\\\/v1\\\/create-qr-code\\\/?color=000000&amp;bgcolor=ffffff&amp;data=BEGIN%3AVCARD%0AVERSION%3A2.1%0ATEL%3BHOME%3BVOICE%3A%2B41+31+511+05+67%0AEMAIL%3BWORK%3BINTERNET%3Amail%40qu-solutions.ch%0AURL%3Awww.qu-solutions.ch%0AADR%3A%3B%3BAlpenstrasse+10%3BLuetzelflueh%3B%3B3432%3BSchweiz%0AORG%3AQu+AG%0AEND%3AVCARD%0A&amp;qzone=1&amp;margin=0&amp;size=150x150&amp;ecc=L\",\"datePublished\":\"2021-03-11T07:10:18+00:00\",\"dateModified\":\"2026-03-18T15:15:12+00:00\",\"description\":\"Qu solutions entwickelt, konstruiert und f\u00fchrt seit mehr als 10 Jahren audiovisuelle Projekte f\u00fcr den professionellen Bereich in Hotels und in Privath\u00e4usern durch. Zu unseren Kunden z\u00e4hlen Kongresszentren, Gesch\u00e4ftskunden, Hotels und MICE.\",\"breadcrumb\":{\"@id\":\"https:\\\/\\\/qu-solutions.ch\\\/en\\\/contact\\\/#breadcrumb\"},\"inLanguage\":\"en-US\",\"potentialAction\":[{\"@type\":\"ReadAction\",\"target\":[\"https:\\\/\\\/qu-solutions.ch\\\/en\\\/contact\\\/\"]}]},{\"@type\":\"ImageObject\",\"inLanguage\":\"en-US\",\"@id\":\"https:\\\/\\\/qu-solutions.ch\\\/en\\\/contact\\\/#primaryimage\",\"url\":\"http:\\\/\\\/api.qrserver.com\\\/v1\\\/create-qr-code\\\/?color=000000&amp;bgcolor=ffffff&amp;data=BEGIN%3AVCARD%0AVERSION%3A2.1%0ATEL%3BHOME%3BVOICE%3A%2B41+31+511+05+67%0AEMAIL%3BWORK%3BINTERNET%3Amail%40qu-solutions.ch%0AURL%3Awww.qu-solutions.ch%0AADR%3A%3B%3BAlpenstrasse+10%3BLuetzelflueh%3B%3B3432%3BSchweiz%0AORG%3AQu+AG%0AEND%3AVCARD%0A&amp;qzone=1&amp;margin=0&amp;size=150x150&amp;ecc=L\",\"contentUrl\":\"http:\\\/\\\/api.qrserver.com\\\/v1\\\/create-qr-code\\\/?color=000000&amp;bgcolor=ffffff&amp;data=BEGIN%3AVCARD%0AVERSION%3A2.1%0ATEL%3BHOME%3BVOICE%3A%2B41+31+511+05+67%0AEMAIL%3BWORK%3BINTERNET%3Amail%40qu-solutions.ch%0AURL%3Awww.qu-solutions.ch%0AADR%3A%3B%3BAlpenstrasse+10%3BLuetzelflueh%3B%3B3432%3BSchweiz%0AORG%3AQu+AG%0AEND%3AVCARD%0A&amp;qzone=1&amp;margin=0&amp;size=150x150&amp;ecc=L\"},{\"@type\":\"BreadcrumbList\",\"@id\":\"https:\\\/\\\/qu-solutions.ch\\\/en\\\/contact\\\/#breadcrumb\",\"itemListElement\":[{\"@type\":\"ListItem\",\"position\":1,\"name\":\"Startseite\",\"item\":\"https:\\\/\\\/qu-solutions.ch\\\/en\\\/qu\\\/\"},{\"@type\":\"ListItem\",\"position\":2,\"name\":\"Contact\"}]},{\"@type\":\"WebSite\",\"@id\":\"https:\\\/\\\/qu-solutions.ch\\\/en\\\/#website\",\"url\":\"https:\\\/\\\/qu-solutions.ch\\\/en\\\/\",\"name\":\"Qu solutions\",\"description\":\"Einzigartige AV &amp; Lichtl\u00f6sungen f\u00fcr Corporate und Restdential\",\"publisher\":{\"@id\":\"https:\\\/\\\/qu-solutions.ch\\\/en\\\/#organization\"},\"potentialAction\":[{\"@type\":\"SearchAction\",\"target\":{\"@type\":\"EntryPoint\",\"urlTemplate\":\"https:\\\/\\\/qu-solutions.ch\\\/en\\\/?s={search_term_string}\"},\"query-input\":{\"@type\":\"PropertyValueSpecification\",\"valueRequired\":true,\"valueName\":\"search_term_string\"}}],\"inLanguage\":\"en-US\"},{\"@type\":\"Organization\",\"@id\":\"https:\\\/\\\/qu-solutions.ch\\\/en\\\/#organization\",\"name\":\"Qu solutions\",\"url\":\"https:\\\/\\\/qu-solutions.ch\\\/en\\\/\",\"logo\":{\"@type\":\"ImageObject\",\"inLanguage\":\"en-US\",\"@id\":\"https:\\\/\\\/qu-solutions.ch\\\/en\\\/#\\\/schema\\\/logo\\\/image\\\/\",\"url\":\"https:\\\/\\\/qu-solutions.ch\\\/wp-content\\\/uploads\\\/2020\\\/06\\\/Qu_solutions.svg\",\"contentUrl\":\"https:\\\/\\\/qu-solutions.ch\\\/wp-content\\\/uploads\\\/2020\\\/06\\\/Qu_solutions.svg\",\"width\":\"1024\",\"height\":\"1024\",\"caption\":\"Qu solutions\"},\"image\":{\"@id\":\"https:\\\/\\\/qu-solutions.ch\\\/en\\\/#\\\/schema\\\/logo\\\/image\\\/\"}}]}<\/script>\n<!-- \/ Yoast SEO plugin. -->","yoast_head_json":{"title":"Contact - Qu solutions","description":"Qu solutions entwickelt, konstruiert und f\u00fchrt seit mehr als 10 Jahren audiovisuelle Projekte f\u00fcr den professionellen Bereich in Hotels und in Privath\u00e4usern durch. Zu unseren Kunden z\u00e4hlen Kongresszentren, Gesch\u00e4ftskunden, Hotels und MICE.","robots":{"index":"index","follow":"follow","max-snippet":"max-snippet:-1","max-image-preview":"max-image-preview:large","max-video-preview":"max-video-preview:-1"},"canonical":"https:\/\/qu-solutions.ch\/en\/contact\/","og_locale":"en_US","og_type":"article","og_title":"Contact - Qu solutions","og_description":"Qu solutions entwickelt, konstruiert und f\u00fchrt seit mehr als 10 Jahren audiovisuelle Projekte f\u00fcr den professionellen Bereich in Hotels und in Privath\u00e4usern durch. Zu unseren Kunden z\u00e4hlen Kongresszentren, Gesch\u00e4ftskunden, Hotels und MICE.","og_url":"https:\/\/qu-solutions.ch\/en\/contact\/","og_site_name":"Qu solutions","article_modified_time":"2026-03-18T15:15:12+00:00","og_image":[{"url":"http:\/\/api.qrserver.com\/v1\/create-qr-code\/?color=000000&amp;bgcolor=ffffff&amp;data=BEGIN%3AVCARD%0AVERSION%3A2.1%0ATEL%3BHOME%3BVOICE%3A%2B41+31+511+05+67%0AEMAIL%3BWORK%3BINTERNET%3Amail%40qu-solutions.ch%0AURL%3Awww.qu-solutions.ch%0AADR%3A%3B%3BAlpenstrasse+10%3BLuetzelflueh%3B%3B3432%3BSchweiz%0AORG%3AQu+AG%0AEND%3AVCARD%0A&amp;qzone=1&amp;margin=0&amp;size=150x150&amp;ecc=L","type":"","width":"","height":""}],"twitter_card":"summary_large_image","twitter_misc":{"Est. reading time":"4 minutes"},"schema":{"@context":"https:\/\/schema.org","@graph":[{"@type":"WebPage","@id":"https:\/\/qu-solutions.ch\/en\/contact\/","url":"https:\/\/qu-solutions.ch\/en\/contact\/","name":"Contact - Qu solutions","isPartOf":{"@id":"https:\/\/qu-solutions.ch\/en\/#website"},"primaryImageOfPage":{"@id":"https:\/\/qu-solutions.ch\/en\/contact\/#primaryimage"},"image":{"@id":"https:\/\/qu-solutions.ch\/en\/contact\/#primaryimage"},"thumbnailUrl":"http:\/\/api.qrserver.com\/v1\/create-qr-code\/?color=000000&amp;bgcolor=ffffff&amp;data=BEGIN%3AVCARD%0AVERSION%3A2.1%0ATEL%3BHOME%3BVOICE%3A%2B41+31+511+05+67%0AEMAIL%3BWORK%3BINTERNET%3Amail%40qu-solutions.ch%0AURL%3Awww.qu-solutions.ch%0AADR%3A%3B%3BAlpenstrasse+10%3BLuetzelflueh%3B%3B3432%3BSchweiz%0AORG%3AQu+AG%0AEND%3AVCARD%0A&amp;qzone=1&amp;margin=0&amp;size=150x150&amp;ecc=L","datePublished":"2021-03-11T07:10:18+00:00","dateModified":"2026-03-18T15:15:12+00:00","description":"Qu solutions entwickelt, konstruiert und f\u00fchrt seit mehr als 10 Jahren audiovisuelle Projekte f\u00fcr den professionellen Bereich in Hotels und in Privath\u00e4usern durch. Zu unseren Kunden z\u00e4hlen Kongresszentren, Gesch\u00e4ftskunden, Hotels und MICE.","breadcrumb":{"@id":"https:\/\/qu-solutions.ch\/en\/contact\/#breadcrumb"},"inLanguage":"en-US","potentialAction":[{"@type":"ReadAction","target":["https:\/\/qu-solutions.ch\/en\/contact\/"]}]},{"@type":"ImageObject","inLanguage":"en-US","@id":"https:\/\/qu-solutions.ch\/en\/contact\/#primaryimage","url":"http:\/\/api.qrserver.com\/v1\/create-qr-code\/?color=000000&amp;bgcolor=ffffff&amp;data=BEGIN%3AVCARD%0AVERSION%3A2.1%0ATEL%3BHOME%3BVOICE%3A%2B41+31+511+05+67%0AEMAIL%3BWORK%3BINTERNET%3Amail%40qu-solutions.ch%0AURL%3Awww.qu-solutions.ch%0AADR%3A%3B%3BAlpenstrasse+10%3BLuetzelflueh%3B%3B3432%3BSchweiz%0AORG%3AQu+AG%0AEND%3AVCARD%0A&amp;qzone=1&amp;margin=0&amp;size=150x150&amp;ecc=L","contentUrl":"http:\/\/api.qrserver.com\/v1\/create-qr-code\/?color=000000&amp;bgcolor=ffffff&amp;data=BEGIN%3AVCARD%0AVERSION%3A2.1%0ATEL%3BHOME%3BVOICE%3A%2B41+31+511+05+67%0AEMAIL%3BWORK%3BINTERNET%3Amail%40qu-solutions.ch%0AURL%3Awww.qu-solutions.ch%0AADR%3A%3B%3BAlpenstrasse+10%3BLuetzelflueh%3B%3B3432%3BSchweiz%0AORG%3AQu+AG%0AEND%3AVCARD%0A&amp;qzone=1&amp;margin=0&amp;size=150x150&amp;ecc=L"},{"@type":"BreadcrumbList","@id":"https:\/\/qu-solutions.ch\/en\/contact\/#breadcrumb","itemListElement":[{"@type":"ListItem","position":1,"name":"Startseite","item":"https:\/\/qu-solutions.ch\/en\/qu\/"},{"@type":"ListItem","position":2,"name":"Contact"}]},{"@type":"WebSite","@id":"https:\/\/qu-solutions.ch\/en\/#website","url":"https:\/\/qu-solutions.ch\/en\/","name":"Qu solutions","description":"Einzigartige AV &amp; Lichtl\u00f6sungen f\u00fcr Corporate und Restdential","publisher":{"@id":"https:\/\/qu-solutions.ch\/en\/#organization"},"potentialAction":[{"@type":"SearchAction","target":{"@type":"EntryPoint","urlTemplate":"https:\/\/qu-solutions.ch\/en\/?s={search_term_string}"},"query-input":{"@type":"PropertyValueSpecification","valueRequired":true,"valueName":"search_term_string"}}],"inLanguage":"en-US"},{"@type":"Organization","@id":"https:\/\/qu-solutions.ch\/en\/#organization","name":"Qu solutions","url":"https:\/\/qu-solutions.ch\/en\/","logo":{"@type":"ImageObject","inLanguage":"en-US","@id":"https:\/\/qu-solutions.ch\/en\/#\/schema\/logo\/image\/","url":"https:\/\/qu-solutions.ch\/wp-content\/uploads\/2020\/06\/Qu_solutions.svg","contentUrl":"https:\/\/qu-solutions.ch\/wp-content\/uploads\/2020\/06\/Qu_solutions.svg","width":"1024","height":"1024","caption":"Qu solutions"},"image":{"@id":"https:\/\/qu-solutions.ch\/en\/#\/schema\/logo\/image\/"}}]}},"_links":{"self":[{"href":"https:\/\/qu-solutions.ch\/en\/wp-json\/wp\/v2\/pages\/6071","targetHints":{"allow":["GET"]}}],"collection":[{"href":"https:\/\/qu-solutions.ch\/en\/wp-json\/wp\/v2\/pages"}],"about":[{"href":"https:\/\/qu-solutions.ch\/en\/wp-json\/wp\/v2\/types\/page"}],"author":[{"embeddable":true,"href":"https:\/\/qu-solutions.ch\/en\/wp-json\/wp\/v2\/users\/2"}],"replies":[{"embeddable":true,"href":"https:\/\/qu-solutions.ch\/en\/wp-json\/wp\/v2\/comments?post=6071"}],"version-history":[{"count":173,"href":"https:\/\/qu-solutions.ch\/en\/wp-json\/wp\/v2\/pages\/6071\/revisions"}],"predecessor-version":[{"id":8758,"href":"https:\/\/qu-solutions.ch\/en\/wp-json\/wp\/v2\/pages\/6071\/revisions\/8758"}],"wp:attachment":[{"href":"https:\/\/qu-solutions.ch\/en\/wp-json\/wp\/v2\/media?parent=6071"}],"curies":[{"name":"wp","href":"https:\/\/api.w.org\/{rel}","templated":true}]}}