{"id":5609,"date":"2021-01-21T08:27:31","date_gmt":"2021-01-21T08:27:31","guid":{"rendered":"https:\/\/qu-solutions.ch\/projects\/"},"modified":"2025-06-27T14:52:01","modified_gmt":"2025-06-27T12:52:01","slug":"projects","status":"publish","type":"page","link":"https:\/\/qu-solutions.ch\/en\/projects\/","title":{"rendered":"Projects"},"content":{"rendered":"<div class=\"wpb-content-wrapper\"><p>[vc_row][vc_column]\n\t\t\t\t<p class=\"rs-p-wp-fix\"><\/p>\n\t\t\t\t<sr7-module data-alias=\"kontakt-1\" data-id=\"9\" id=\"SR7_9_1\" data-version=\"7.0.8\">\n\t\t\t\t\t<sr7-adjuster><\/sr7-adjuster>\n\t\t\t\t\t<sr7-content>\n\t\t\t\t\t\t<sr7-slide id=\"SR7_9_1-12\" data-key=\"12\">\n\t\t\t\t\t\t<\/sr7-slide>\n\t\t\t\t\t\t<sr7-slide id=\"SR7_9_1-29\" data-key=\"29\">\n\t\t\t\t\t\t<\/sr7-slide>\n\t\t\t\t\t<\/sr7-content>\n\t\t\t\t\t<image_lists style=\"display:none\">\n\t\t\t\t\t\t<img data-src=\"\/\/qu-solutions.ch\/wp-content\/uploads\/revslider\/o\/9\/515e61513f045b8e504c7f0f417ac8a9.webp\" data-libid=\"5593\" data-lib=\"medialibrary\" alt=\"GreenGo | Night Club | Hotel Gstaad Palace | Qu solutions\" title=\"GreenGo | Night Club | Hotel Gstaad Palace\" width=\"0\" height=\"0\" data-dbsrc=\"Ly9xdS1zb2x1dGlvbnMuY2gvd3AtY29udGVudC91cGxvYWRzLzIwMjEvMDEvMS13ZWItcGFsYWNlLWdyZWVuZ28tMjUwMC0xLTEuanBn\"\/>\n\t\t\t\t\t\t<img data-src=\"\/\/qu-solutions.ch\/wp-content\/uploads\/2021\/01\/2-web-palace%20spa%20gui-2500-1.jpg\" data-libid=\"5590\" data-lib=\"medialibrary\" alt=\"Spa | Hotel Gstaad Palace | Qu solutions\" title=\"Spa | Hotel Gstaad Palace\" width=\"0\" height=\"0\" data-dbsrc=\"Ly9xdS1zb2x1dGlvbnMuY2gvd3AtY29udGVudC91cGxvYWRzLzIwMjEvMDEvMi13ZWItcGFsYWNlJTIwc3BhJTIwZ3VpLTI1MDAtMS5qcGc=\"\/>\n\t\t\t\t\t\t<img data-src=\"\/\/qu-solutions.ch\/wp-content\/uploads\/revslider\/o\/9\/4afec0dc0953e17f37114fb28426326c.webp\" data-libid=\"7399\" data-lib=\"medialibrary\" alt=\"Meetingroom | Office World Ofelec | Qu AG\" title=\"Meetingroom | Office World Ofelec | Qu AG\" width=\"0\" height=\"0\" data-dbsrc=\"Ly9xdS1zb2x1dGlvbnMuY2gvd3AtY29udGVudC91cGxvYWRzLzIwMjQvMDUvQmFkZW5fT2ZlbGVjXzIwMjRfRFNDNDcyNi5qcGc=\"\/>\n\t\t\t\t\t\t<img data-src=\"\/\/qu-solutions.ch\/wp-content\/uploads\/revslider\/o\/9\/0f4ed790aedbcd6099791bd92018dfd3.webp\" data-libid=\"7375\" data-lib=\"medialibrary\" alt=\"Pool lighting | indoor swimming pool | Hotel Gstaad Palace | Qu solutions | Stefano Scata \" title=\"Switzerland &#8211; Oberland Bernese\" width=\"0\" height=\"0\" data-dbsrc=\"Ly9xdS1zb2x1dGlvbnMuY2gvd3AtY29udGVudC91cGxvYWRzLzIwMjQvMDUvQ29weXJpZ2h0LUdzdGFhZC1QYWxhY2VfU3RlZmFuby1TY2F0YV81NDg0ODRfZmF2b3VyaXRlXzMwMGRwaV9SR0Itc2NhbGVkLmpwZw==\"\/>\n\t\t\t\t\t\t<img data-src=\"\/\/qu-solutions.ch\/wp-content\/uploads\/revslider\/o\/9\/5b892d693cd2edefa3506a3034924848.webp\" data-libid=\"7953\" data-lib=\"medialibrary\" alt=\"Qu Solutions | sound speaker | Chalet Switzerland\" title=\"0424_Qu_Lauenen-366\" width=\"0\" height=\"0\" data-dbsrc=\"Ly9xdS1zb2x1dGlvbnMuY2gvd3AtY29udGVudC91cGxvYWRzLzIwMjQvMDcvMDQyNF9RdV9MYXVlbmVuLTM2Ni1zY2FsZWQuanBn\"\/>\n\t\t\t\t\t\t<img data-src=\"\/\/qu-solutions.ch\/wp-content\/uploads\/revslider\/o\/9\/031bc71d86ae0475e407024ebb314014.webp\" data-libid=\"7702\" data-lib=\"medialibrary\" alt=\"Qu Solutions | customize home cinema | lighting concept | L-Acoustics | Chalet Switzerland\" title=\"Qu Solutions | customize home cinema | lighting concept | L-Acoustics | Chalet Switzerland\" width=\"0\" height=\"0\" data-dbsrc=\"Ly9xdS1zb2x1dGlvbnMuY2gvd3AtY29udGVudC91cGxvYWRzLzIwMjQvMDcvMDQyNF9RdV9MYXVlbmVuLTMzNi1zY2FsZWQuanBn\"\/>\n\t\t\t\t\t<\/image_lists>\n\t\t\t\t<\/sr7-module>\n\t\t\t\t<script>\n\t\t\t\t\twindow.SR7??={}; SR7.PMH ??={}; SR7.PMH[\"SR7_9_1\"] = {cn:100,state:false,fn: function() { if (window._tpt!==undefined && window._tpt.prepareModuleHeight !== undefined) {  _tpt.prepareModuleHeight({id:\"SR7_9_1\",el:[900,900,768,960,720],type:'standard',gh:[900,900,768,960,720],gw:[1240,1240,1024,778,480],vpt:['-200px&#039;,&#039;-200px&#039;,&#039;-200px&#039;,&#039;-200px&#039;,&#039;-200px'],size:{fullWidth:true, fullHeight:true},fho:'',mh:'0',onh:0,onw:0,bg:{color:'{\"orig\":\"transparent\",\"type\":\"solid\",\"string\":\"transparent\"}'},plType:'15',plColor:'#e0e0e0'});   SR7.PMH[\"SR7_9_1\"].state=true;} else if(SR7.PMH[\"SR7_9_1\"].cn-->0)\tsetTimeout( SR7.PMH[\"SR7_9_1\"].fn,19);}};SR7.PMH[\"SR7_9_1\" ].fn();\n\t\t\t\t<\/script>\n[\/vc_column][\/vc_row][vc_row][vc_column][vc_empty_space height=&#8221;20px&#8221;][vc_column_text css_animation=&#8221;fadeIn&#8221;][\/vc_column_text][\/vc_column][\/vc_row][vc_row][vc_column][lab_portfolio_items portfolio_type=&#8221;type-2&#8243; dynamic_image_height=&#8221;yes&#8221;][\/vc_column][\/vc_row][vc_row][vc_column][vc_empty_space height=&#8221;20px&#8221;][vc_column_text css_animation=&#8221;fadeIn&#8221;][\/vc_column_text][\/vc_column][\/vc_row]<\/p>\n<\/div>","protected":false},"excerpt":{"rendered":"<p>[vc_row][vc_column][\/vc_column][\/vc_row][vc_row][vc_column][vc_empty_space height=&#8221;20px&#8221;][vc_column_text css_animation=&#8221;fadeIn&#8221;][\/vc_column_text][\/vc_column][\/vc_row][vc_row][vc_column][lab_portfolio_items portfolio_type=&#8221;type-2&#8243; dynamic_image_height=&#8221;yes&#8221;][\/vc_column][\/vc_row][vc_row][vc_column][vc_empty_space height=&#8221;20px&#8221;][vc_column_text css_animation=&#8221;fadeIn&#8221;][\/vc_column_text][\/vc_column][\/vc_row]<\/p>\n","protected":false},"author":2,"featured_media":0,"parent":0,"menu_order":0,"comment_status":"closed","ping_status":"closed","template":"","meta":{"_acf_changed":false,"rs_blank_template":"","rs_page_bg_color":"","slide_template_v7":"","inline_featured_image":false,"_monsterinsights_skip_tracking":false,"_monsterinsights_sitenote_active":false,"_monsterinsights_sitenote_note":"","_monsterinsights_sitenote_category":0,"footnotes":""},"class_list":["post-5609","page","type-page","status-publish","hentry"],"acf":[],"yoast_head":"<!-- This site is optimized with the Yoast SEO plugin v27.4 - https:\/\/yoast.com\/product\/yoast-seo-wordpress\/ -->\n<title>Projects - Qu solutions<\/title>\n<meta name=\"description\" content=\"Qu solutions entwickelt, konstruiert und f\u00fchrt seit mehr als 10 Jahren audiovisuelle Projekte f\u00fcr den professionellen Bereich in Hotels und in Privath\u00e4usern durch. Zu unseren Kunden z\u00e4hlen Kongresszentren, Gesch\u00e4ftskunden, Hotels und MICE.\" \/>\n<meta name=\"robots\" content=\"index, follow, max-snippet:-1, max-image-preview:large, max-video-preview:-1\" \/>\n<link rel=\"canonical\" href=\"https:\/\/qu-solutions.ch\/en\/projects\/\" \/>\n<meta property=\"og:locale\" content=\"en_US\" \/>\n<meta property=\"og:type\" content=\"article\" \/>\n<meta property=\"og:title\" content=\"Projects - Qu solutions\" \/>\n<meta property=\"og:description\" content=\"Qu solutions entwickelt, konstruiert und f\u00fchrt seit mehr als 10 Jahren audiovisuelle Projekte f\u00fcr den professionellen Bereich in Hotels und in Privath\u00e4usern durch. Zu unseren Kunden z\u00e4hlen Kongresszentren, Gesch\u00e4ftskunden, Hotels und MICE.\" \/>\n<meta property=\"og:url\" content=\"https:\/\/qu-solutions.ch\/en\/projects\/\" \/>\n<meta property=\"og:site_name\" content=\"Qu solutions\" \/>\n<meta property=\"article:modified_time\" content=\"2025-06-27T12:52:01+00:00\" \/>\n<meta name=\"twitter:card\" content=\"summary_large_image\" \/>\n<meta name=\"twitter:label1\" content=\"Est. reading time\" \/>\n\t<meta name=\"twitter:data1\" content=\"1 minute\" \/>\n<script type=\"application\/ld+json\" class=\"yoast-schema-graph\">{\"@context\":\"https:\\\/\\\/schema.org\",\"@graph\":[{\"@type\":\"WebPage\",\"@id\":\"https:\\\/\\\/qu-solutions.ch\\\/en\\\/projects\\\/\",\"url\":\"https:\\\/\\\/qu-solutions.ch\\\/en\\\/projects\\\/\",\"name\":\"Projects - Qu solutions\",\"isPartOf\":{\"@id\":\"https:\\\/\\\/qu-solutions.ch\\\/en\\\/#website\"},\"datePublished\":\"2021-01-21T08:27:31+00:00\",\"dateModified\":\"2025-06-27T12:52:01+00:00\",\"description\":\"Qu solutions entwickelt, konstruiert und f\u00fchrt seit mehr als 10 Jahren audiovisuelle Projekte f\u00fcr den professionellen Bereich in Hotels und in Privath\u00e4usern durch. Zu unseren Kunden z\u00e4hlen Kongresszentren, Gesch\u00e4ftskunden, Hotels und MICE.\",\"breadcrumb\":{\"@id\":\"https:\\\/\\\/qu-solutions.ch\\\/en\\\/projects\\\/#breadcrumb\"},\"inLanguage\":\"en-US\",\"potentialAction\":[{\"@type\":\"ReadAction\",\"target\":[\"https:\\\/\\\/qu-solutions.ch\\\/en\\\/projects\\\/\"]}]},{\"@type\":\"BreadcrumbList\",\"@id\":\"https:\\\/\\\/qu-solutions.ch\\\/en\\\/projects\\\/#breadcrumb\",\"itemListElement\":[{\"@type\":\"ListItem\",\"position\":1,\"name\":\"Startseite\",\"item\":\"https:\\\/\\\/qu-solutions.ch\\\/en\\\/qu\\\/\"},{\"@type\":\"ListItem\",\"position\":2,\"name\":\"Projects\"}]},{\"@type\":\"WebSite\",\"@id\":\"https:\\\/\\\/qu-solutions.ch\\\/en\\\/#website\",\"url\":\"https:\\\/\\\/qu-solutions.ch\\\/en\\\/\",\"name\":\"Qu solutions\",\"description\":\"Einzigartige AV &amp; Lichtl\u00f6sungen f\u00fcr Corporate und Restdential\",\"publisher\":{\"@id\":\"https:\\\/\\\/qu-solutions.ch\\\/en\\\/#organization\"},\"potentialAction\":[{\"@type\":\"SearchAction\",\"target\":{\"@type\":\"EntryPoint\",\"urlTemplate\":\"https:\\\/\\\/qu-solutions.ch\\\/en\\\/?s={search_term_string}\"},\"query-input\":{\"@type\":\"PropertyValueSpecification\",\"valueRequired\":true,\"valueName\":\"search_term_string\"}}],\"inLanguage\":\"en-US\"},{\"@type\":\"Organization\",\"@id\":\"https:\\\/\\\/qu-solutions.ch\\\/en\\\/#organization\",\"name\":\"Qu solutions\",\"url\":\"https:\\\/\\\/qu-solutions.ch\\\/en\\\/\",\"logo\":{\"@type\":\"ImageObject\",\"inLanguage\":\"en-US\",\"@id\":\"https:\\\/\\\/qu-solutions.ch\\\/en\\\/#\\\/schema\\\/logo\\\/image\\\/\",\"url\":\"https:\\\/\\\/qu-solutions.ch\\\/wp-content\\\/uploads\\\/2020\\\/06\\\/Qu_solutions.svg\",\"contentUrl\":\"https:\\\/\\\/qu-solutions.ch\\\/wp-content\\\/uploads\\\/2020\\\/06\\\/Qu_solutions.svg\",\"width\":\"1024\",\"height\":\"1024\",\"caption\":\"Qu solutions\"},\"image\":{\"@id\":\"https:\\\/\\\/qu-solutions.ch\\\/en\\\/#\\\/schema\\\/logo\\\/image\\\/\"}}]}<\/script>\n<!-- \/ Yoast SEO plugin. -->","yoast_head_json":{"title":"Projects - Qu solutions","description":"Qu solutions entwickelt, konstruiert und f\u00fchrt seit mehr als 10 Jahren audiovisuelle Projekte f\u00fcr den professionellen Bereich in Hotels und in Privath\u00e4usern durch. Zu unseren Kunden z\u00e4hlen Kongresszentren, Gesch\u00e4ftskunden, Hotels und MICE.","robots":{"index":"index","follow":"follow","max-snippet":"max-snippet:-1","max-image-preview":"max-image-preview:large","max-video-preview":"max-video-preview:-1"},"canonical":"https:\/\/qu-solutions.ch\/en\/projects\/","og_locale":"en_US","og_type":"article","og_title":"Projects - Qu solutions","og_description":"Qu solutions entwickelt, konstruiert und f\u00fchrt seit mehr als 10 Jahren audiovisuelle Projekte f\u00fcr den professionellen Bereich in Hotels und in Privath\u00e4usern durch. Zu unseren Kunden z\u00e4hlen Kongresszentren, Gesch\u00e4ftskunden, Hotels und MICE.","og_url":"https:\/\/qu-solutions.ch\/en\/projects\/","og_site_name":"Qu solutions","article_modified_time":"2025-06-27T12:52:01+00:00","twitter_card":"summary_large_image","twitter_misc":{"Est. reading time":"1 minute"},"schema":{"@context":"https:\/\/schema.org","@graph":[{"@type":"WebPage","@id":"https:\/\/qu-solutions.ch\/en\/projects\/","url":"https:\/\/qu-solutions.ch\/en\/projects\/","name":"Projects - Qu solutions","isPartOf":{"@id":"https:\/\/qu-solutions.ch\/en\/#website"},"datePublished":"2021-01-21T08:27:31+00:00","dateModified":"2025-06-27T12:52:01+00:00","description":"Qu solutions entwickelt, konstruiert und f\u00fchrt seit mehr als 10 Jahren audiovisuelle Projekte f\u00fcr den professionellen Bereich in Hotels und in Privath\u00e4usern durch. Zu unseren Kunden z\u00e4hlen Kongresszentren, Gesch\u00e4ftskunden, Hotels und MICE.","breadcrumb":{"@id":"https:\/\/qu-solutions.ch\/en\/projects\/#breadcrumb"},"inLanguage":"en-US","potentialAction":[{"@type":"ReadAction","target":["https:\/\/qu-solutions.ch\/en\/projects\/"]}]},{"@type":"BreadcrumbList","@id":"https:\/\/qu-solutions.ch\/en\/projects\/#breadcrumb","itemListElement":[{"@type":"ListItem","position":1,"name":"Startseite","item":"https:\/\/qu-solutions.ch\/en\/qu\/"},{"@type":"ListItem","position":2,"name":"Projects"}]},{"@type":"WebSite","@id":"https:\/\/qu-solutions.ch\/en\/#website","url":"https:\/\/qu-solutions.ch\/en\/","name":"Qu solutions","description":"Einzigartige AV &amp; Lichtl\u00f6sungen f\u00fcr Corporate und Restdential","publisher":{"@id":"https:\/\/qu-solutions.ch\/en\/#organization"},"potentialAction":[{"@type":"SearchAction","target":{"@type":"EntryPoint","urlTemplate":"https:\/\/qu-solutions.ch\/en\/?s={search_term_string}"},"query-input":{"@type":"PropertyValueSpecification","valueRequired":true,"valueName":"search_term_string"}}],"inLanguage":"en-US"},{"@type":"Organization","@id":"https:\/\/qu-solutions.ch\/en\/#organization","name":"Qu solutions","url":"https:\/\/qu-solutions.ch\/en\/","logo":{"@type":"ImageObject","inLanguage":"en-US","@id":"https:\/\/qu-solutions.ch\/en\/#\/schema\/logo\/image\/","url":"https:\/\/qu-solutions.ch\/wp-content\/uploads\/2020\/06\/Qu_solutions.svg","contentUrl":"https:\/\/qu-solutions.ch\/wp-content\/uploads\/2020\/06\/Qu_solutions.svg","width":"1024","height":"1024","caption":"Qu solutions"},"image":{"@id":"https:\/\/qu-solutions.ch\/en\/#\/schema\/logo\/image\/"}}]}},"_links":{"self":[{"href":"https:\/\/qu-solutions.ch\/en\/wp-json\/wp\/v2\/pages\/5609","targetHints":{"allow":["GET"]}}],"collection":[{"href":"https:\/\/qu-solutions.ch\/en\/wp-json\/wp\/v2\/pages"}],"about":[{"href":"https:\/\/qu-solutions.ch\/en\/wp-json\/wp\/v2\/types\/page"}],"author":[{"embeddable":true,"href":"https:\/\/qu-solutions.ch\/en\/wp-json\/wp\/v2\/users\/2"}],"replies":[{"embeddable":true,"href":"https:\/\/qu-solutions.ch\/en\/wp-json\/wp\/v2\/comments?post=5609"}],"version-history":[{"count":17,"href":"https:\/\/qu-solutions.ch\/en\/wp-json\/wp\/v2\/pages\/5609\/revisions"}],"predecessor-version":[{"id":8437,"href":"https:\/\/qu-solutions.ch\/en\/wp-json\/wp\/v2\/pages\/5609\/revisions\/8437"}],"wp:attachment":[{"href":"https:\/\/qu-solutions.ch\/en\/wp-json\/wp\/v2\/media?parent=5609"}],"curies":[{"name":"wp","href":"https:\/\/api.w.org\/{rel}","templated":true}]}}